{"id":13,"date":"2016-11-28T08:34:26","date_gmt":"2016-11-28T07:34:26","guid":{"rendered":"http:\/\/www.bus-roskilde.dk\/?page_id=13"},"modified":"2025-09-27T13:04:58","modified_gmt":"2025-09-27T11:04:58","slug":"leder-og-traenerudviklingspuljen","status":"publish","type":"page","link":"https:\/\/www.bus-roskilde.dk\/index.php\/leder-og-traenerudviklingspuljen\/","title":{"rendered":"Leder- og tr\u00e6nerudviklingspuljen for kulturelle foreninger i Roskilde Kommune"},"content":{"rendered":"<p><em>Per 27. september 2025.<\/em><\/p>\n<p lang=\"da-DK\">Leder- og tr\u00e6nerudviklingspuljen er udlagt til BUS Roskilde af Roskilde Kommune. Puljen er til enhver tid afh\u00e6ngig af de fra kommunen overf\u00f8rte\/tilf\u00f8rte midler til form\u00e5let.<\/p>\n<p lang=\"en-US\"><span lang=\"da-DK\">I 2025 er puljen p\u00e5 75.000 kr.<\/span><\/p>\n<p lang=\"en-US\"><span lang=\"da-DK\">Form\u00e5let med puljen er at give tilskud til, at de frivillige i kulturelle foreninger i Roskilde Kommune, herunder spejderiet, ved deltagelse i lederudviklingsaktiviteter, kan udf\u00f8re og udvikle frivilligt arbejde af h\u00f8j kvalitet.<\/span><\/p>\n<p lang=\"en-US\"><span lang=\"da-DK\">BUS Roskilde afvikler ikke generel lederuddannelse ved anvendelse af puljens midler. Puljens midler er s\u00e5ledes udelukkende til disposition for de kulturelle foreninger.<\/span><\/p>\n<p lang=\"en-US\"><strong>Hvem kan s\u00f8ge tilskud fra Leder- og tr\u00e6nerudviklingspuljen:<\/strong><\/p>\n<p>Alle kulturforeninger, herunder spejderriets grupper\/kredse, som er hjemmeh\u00f8rende i og godkendt af Roskilde Kommune som folkeoplysende forening.<\/p>\n<p>Det er ikke et krav at foreningen skal v\u00e6re medlem af BUS Roskilde, ligesom det heller ikke er et krav at der ydes aktivitetstilskud fra Roskilde Kommune<!-- Tilf\u00f8jet lige som i RIU\u2019s vilk\u00e5r -->.<\/p>\n<p><b>Hvilke lederudviklingsaktiviteter kan der\u00a0s\u00f8ges\u00a0om\u00a0tilskud\u00a0til:<!-- Overordnet afgr\u00e6sning og definition af kurser --><\/b><\/p>\n<p>Der kan s\u00f8ges tilskud til d\u00e6kning af kursusudgiften til deltagere fra 13 \u00e5r p\u00e5 aktiviteter\/kurser med lederudvikling som form\u00e5l, herunder f\u00f8lgende kurser:<\/p>\n<ul>\n<li>Kurser for bestyrelses-, udvalgs- og arbejdsgruppemedlemmer samt kurser til \u00f8vrige frivillige ledere i foreningerne (instrukt\u00f8rer, aktivitetsansvarlige o.lign.) i alle aldre, herunder kurser for ledere i spejderriet.<\/li>\n<li>Kurser som sigter p\u00e5 at udvikling\/forberedelse i forhold til formelle og\/eller uformelle lederroller i foreningen\/gruppen\/kredsen.<\/li>\n<\/ul>\n<p><i>Eksempler p\u00e5 kurser:<\/i><\/p>\n<ul>\n<li>Som\u00a0<i>eksempel<\/i>\u00a0p\u00e5 kurser for ledere inden for spejderriet kan n\u00e6vnes: Non Stop, GUF-kurser, ledelseskurser, Gilwell-kurser, f\u00e6rdighedskurser, instrukt\u00f8rkurser, fjeldkurser, lederindtro og praktiske kurser, grenkurser, leder 1 og 2, og ULK (Ungdoms Leder Kurset).<\/li>\n<li>Som <i>eksempel<\/i> p\u00e5 andre kurser inden for spejderiet kan n\u00e6vnes: DDS\u00b4s Plan \u2013 og Sparkkurser, KFUM\u00b4s kurser for 13-20 \u00e5rige, Roland-kurser og DBS\u00b4s Roland, Brownsea, Spejderliv.<\/li>\n<li>Derudover har FDF: 7. \u2013 8. klasseskurser, seniorkurser og seniorv\u00e6bnerkurser, og disse kan der ligeledes tilskud s\u00f8ges om.<\/li>\n<\/ul>\n<p><b>Hvilke udgifter til lederudviklingsaktiviteter <!-- Underordnet afgr\u00e6nsning tilskudsberettigede udgifter til lederkurser og ungekurser -->kan d\u00e6kkes af Leder- og tr\u00e6nerudviklingspuljen:<\/b><\/p>\n<p><a name=\"__RefMoveTo__move191024517\"><\/a> Bel\u00f8bet som kan godtg\u00f8relse, er kursusudgiften fratrukket tilskud fra anden side. Det kan fx v\u00e6re tilskud fra landsforbundet eller egenbetaling fra deltageren.<\/p>\n<p><a name=\"__RefMoveTo__move191024306\"><\/a> Der ydes som udgangspunkt ikke tilskud til ophold, transport og forplejning, medmindre det er indbygget i kursusprisen<!-- Kopieret fra RIU. Bem\u00e6rk \u00e6ndring ift vores nuv\u00e6rende kriterier vedr transport -->. Er udgiften til lokaleleje en fast del af kursusudgiften skal denne regnes med i det ans\u00f8gte tilskud. Er lokaleleje ikke en del af kursusudgiften skalkan denne evt. s\u00f8ges i Roskilde Kommunes pulje for kortvarige lejem\u00e5l.<\/p>\n<p><a name=\"__RefMoveTo__move191024709\"><\/a> Transportudgifter d\u00e6kkes heller ikke.Der ydes som udgangspunkt hverken tilskud til interne kurser i foreningen\/kredsen\/gruppen eller til aktiviteter i forbindelse med \u00e5rsm\u00f8der eller lignende, hvor lederudvikling ikke er det prim\u00e6re form\u00e5l.<\/p>\n<p><b>Fordelingskriterier <!-- Kriterier for hvilke af de tilskudsberettigede udgifter der i praksis d\u00e6kkes -->og beregning\u00a0af\u00a0tilskud:<\/b><\/p>\n<p>Kursusudgifter d\u00e6kkes med op til 2.000 kr. per kursus<!-- Jf beslutning 3. juni -->. Der kan h\u00f8jest gives tilskud for samme person p\u00e5 6.000 kr. pr. ans\u00f8gnings\u00e5r<!-- Som RIU -->.<\/p>\n<p>Man kan ikke v\u00e6re sikker p\u00e5, at hele kursusudgiften inden for ovenn\u00e6vnte bel\u00f8bsgr\u00e6nser d\u00e6kkes. BUS Roskilde kan v\u00e6lge at d\u00e6kke dele af udgifterne efter en procentsats, som vil blive forklaret i afg\u00f8relsen\/afslaget.<\/p>\n<p lang=\"en-US\"><strong><span lang=\"da-DK\">Hvordan s\u00f8ger man?:<\/span><\/strong><\/p>\n<p lang=\"en-US\"><span lang=\"da-DK\">Ans\u00f8gninger kan indsendes l\u00f8bende ved udfyldelse af ans\u00f8gningsskema:<\/span><\/p>\n<p class=\"western\" lang=\"en-US\"><a href=\"\/Ans\u00f8gningsskema GDPR.docx\">Hent ans\u00f8gningsskema<\/a><\/p>\n<p lang=\"en-US\"><span lang=\"da-DK\">Der sendes \u00e9n ans\u00f8gning pr. kursus. Er der flere deltagerpriser skal der udfyldes \u00e9n separat ans\u00f8gning.<\/span><\/p>\n<p lang=\"en-US\"><span lang=\"da-DK\">Ved ans\u00f8gningen skal der vedl\u00e6gges kursusbeskrivelse, kursusfaktura samt oplysning om eventuelt tilskud\/indt\u00e6gter fra anden side.<\/span><\/p>\n<p>Ans\u00f8gning inkl. Dokumentationen \u00a0sendes p\u00e5 e-mail \u00a0til: E-mail:\u00a0<span style=\"color: #0563c1;\"><u><a href=\"mailto:bus_roskilde@yahoo.dk\"><span lang=\"en-GB\">bus_roskilde@yahoo.dk<\/span><\/a><\/u><\/span><\/p>\n<p><b>Godkendelse og udbetaling af tilskud:<\/b><\/p>\n<p>BUS Roskilde behandler indkomne ans\u00f8gninger \u00e5rligt efter ans\u00f8gningsfristen\u00a0<b>d. 15. november.<\/b><\/p>\n<p>Ans\u00f8gerne modtager i december m\u00e5ned besked om, hvorvidt ans\u00f8gningen er blevet im\u00f8dekommet helt eller delvist, eller om der er givet afslag.<\/p>\n<p>Tilskud udbetales i december.<\/p>\n<p lang=\"en-US\"><strong><span lang=\"da-DK\">Sp\u00f8rgsm\u00e5l og yderligere information:<\/span><\/strong><\/p>\n<p lang=\"en-US\"><span lang=\"da-DK\">Der kan indhentes yderligere information ved henvendelse til BUS Roskilde p\u00e5 E-mail: <a href=\"mailto:bus_roskilde@yahoo.dk\">bus_roskilde@yahoo.dk<\/a> <\/span><\/p>\n","protected":false},"excerpt":{"rendered":"<p>Per 27. september 2025. Leder- og tr\u00e6nerudviklingspuljen er udlagt til BUS Roskilde af Roskilde Kommune. Puljen er til enhver tid afh\u00e6ngig af de fra kommunen overf\u00f8rte\/tilf\u00f8rte midler til form\u00e5let. I 2025 er puljen p\u00e5 75.000 kr. Form\u00e5let med puljen er at give tilskud til, at de frivillige i kulturelle foreninger i Roskilde Kommune, herunder spejderiet, &hellip; <a href=\"https:\/\/www.bus-roskilde.dk\/index.php\/leder-og-traenerudviklingspuljen\/\" class=\"more-link\">Continue reading<span class=\"screen-reader-text\"> &#8220;Leder- og tr\u00e6nerudviklingspuljen for kulturelle foreninger i Roskilde Kommune&#8221;<\/span><\/a><\/p>\n","protected":false},"author":1,"featured_media":0,"parent":0,"menu_order":0,"comment_status":"closed","ping_status":"closed","template":"","meta":[],"_links":{"self":[{"href":"https:\/\/www.bus-roskilde.dk\/index.php\/wp-json\/wp\/v2\/pages\/13"}],"collection":[{"href":"https:\/\/www.bus-roskilde.dk\/index.php\/wp-json\/wp\/v2\/pages"}],"about":[{"href":"https:\/\/www.bus-roskilde.dk\/index.php\/wp-json\/wp\/v2\/types\/page"}],"author":[{"embeddable":true,"href":"https:\/\/www.bus-roskilde.dk\/index.php\/wp-json\/wp\/v2\/users\/1"}],"replies":[{"embeddable":true,"href":"https:\/\/www.bus-roskilde.dk\/index.php\/wp-json\/wp\/v2\/comments?post=13"}],"version-history":[{"count":14,"href":"https:\/\/www.bus-roskilde.dk\/index.php\/wp-json\/wp\/v2\/pages\/13\/revisions"}],"predecessor-version":[{"id":148,"href":"https:\/\/www.bus-roskilde.dk\/index.php\/wp-json\/wp\/v2\/pages\/13\/revisions\/148"}],"wp:attachment":[{"href":"https:\/\/www.bus-roskilde.dk\/index.php\/wp-json\/wp\/v2\/media?parent=13"}],"curies":[{"name":"wp","href":"https:\/\/api.w.org\/{rel}","templated":true}]}}